{"id":22,"date":"2025-12-02T09:58:45","date_gmt":"2025-12-02T09:58:45","guid":{"rendered":"https:\/\/www.icada.com.tr\/?page_id=22"},"modified":"2026-04-16T17:26:12","modified_gmt":"2026-04-16T14:26:12","slug":"organizing-committee","status":"publish","type":"page","link":"https:\/\/icada.com.tr\/en\/organizing-committee\/","title":{"rendered":"Organizing Committee"},"content":{"rendered":"\n<h3 class=\"wp-block-heading\"><strong>Honorary Presidents<\/strong><\/h3>\n\n\n\n<ul class=\"wp-block-list\">\n<li><strong>Prof. Dr. Saffet K\u00f6se<\/strong> (Rector, \u0130zmir K\u00e2tip \u00c7elebi University)<\/li>\n<\/ul>\n\n\n\n<ul class=\"wp-block-list\">\n<li><strong>Prof. Dr.<\/strong> <strong>Semih Aktekin<\/strong> (Rector, Nev\u015fehir Hac\u0131 Bekta\u015f Veli University)<\/li>\n<\/ul>\n\n\n\n<h3 class=\"wp-block-heading\"><strong>Congress President<\/strong><\/h3>\n\n\n\n<ul class=\"wp-block-list\">\n<li><strong>Prof. Dr.<\/strong> <strong>Ay\u015feg\u00fcl Alaybeyo\u011flu<\/strong> (\u0130zmir K\u00e2tip \u00c7elebi University)<\/li>\n<\/ul>\n\n\n\n<h3 class=\"wp-block-heading\"><strong>President of Organizing Committee<\/strong><\/h3>\n\n\n\n<ul class=\"wp-block-list\">\n<li><strong>Assoc. Prof. Dr. Ebubekir Kaya<\/strong> (Nev\u015fehir Hac\u0131 Bekta\u015f Veli University)<\/li>\n<\/ul>\n\n\n\n<h3 class=\"wp-block-heading\"><strong>Scientific Secretariat<\/strong><\/h3>\n\n\n\n<ul class=\"wp-block-list\">\n<li><strong>Dr.<\/strong> <strong>S\u00fcmeyye S\u0131n\u0131r<\/strong> (\u0130zmir K\u00e2tip \u00c7elebi University)<\/li>\n<\/ul>\n\n\n\n<h3 class=\"wp-block-heading\"><strong>Technical Support<\/strong><\/h3>\n\n\n\n<ul class=\"wp-block-list\">\n<li><strong>Dr.<\/strong> <strong>\u00dcmit Sarp<\/strong> (\u0130zmir K\u00e2tip \u00c7elebi University)<\/li>\n\n\n\n<li><strong>Dr.<\/strong> Murat Varol (Zonguldak B\u00fclent Ecevit University)<\/li>\n<\/ul>\n\n\n\n<h3 class=\"wp-block-heading\"><strong>Organizing Committee<\/strong><\/h3>\n\n\n\n<ul class=\"wp-block-list\">\n<li><strong>Prof. Dr.<\/strong> <strong>Yasin Bulduklu<\/strong> (\u0130zmir Katip \u00c7elebi University)<\/li>\n\n\n\n<li><strong>Prof. Dr. Bayram Deviren<\/strong> (Nev\u015fehir Hac\u0131 Bekta\u015f Veli University)<\/li>\n\n\n\n<li><strong>Prof. Dr.<\/strong> <strong>Ay\u015feg\u00fcl Alaybe\u011fo\u011flu<\/strong> (\u0130zmir Katip \u00c7elebi University)<\/li>\n\n\n\n<li><strong>Prof. Dr.<\/strong>&nbsp;<strong>Mustafa Agah Tekindal<\/strong> (\u0130zmir Katip \u00c7elebi University)<\/li>\n\n\n\n<li><strong>Prof. Dr.<\/strong>&nbsp;<strong>Melike Tekindal <\/strong>(\u0130zmir Katip \u00c7elebi University)<\/li>\n\n\n\n<li><strong>Assoc. Prof. Dr.<\/strong> <strong>Ebubekir Kaya<\/strong> (Nev\u015fehir Hac\u0131 Bekta\u015f Veli University)<\/li>\n\n\n\n<li><strong>Assoc. Prof. Dr.<\/strong> <strong>Hilal Kahraman<\/strong> (\u0130zmir Katip \u00c7elebi University)<\/li>\n\n\n\n<li><strong>Assoc. Prof. Dr.<\/strong> <strong>Levent Ayd\u0131n<\/strong> (\u0130zmir Katip \u00c7elebi University)<\/li>\n\n\n\n<li><strong>Assoc. Prof. Dr.<\/strong> <strong>Nesibe Yal\u00e7\u0131n<\/strong> (Erciyes University)<\/li>\n\n\n\n<li><strong>Asst. Prof. Dr. Ahmet Kaya <\/strong>(Nev\u015fehir Hac\u0131 Bekta\u015f Veli University)<\/li>\n\n\n\n<li><strong>Asst. Prof. Dr.<\/strong> <strong>Bilgin Yazl\u0131k<\/strong> (Nev\u015fehir Hac\u0131 Bekta\u015f Veli University)<\/li>\n\n\n\n<li><strong>Asst. Prof. Dr.<\/strong> <strong>Ceren Kaya<\/strong> (Zonguldak B\u00fclent Ecevit University)<\/li>\n\n\n\n<li><strong>Asst. Prof. Dr.<\/strong> <strong>Ersin K\u0131l\u0131\u00e7 <\/strong>(Nev\u015fehir Hac\u0131 Bekta\u015f Veli University)<\/li>\n\n\n\n<li><strong>Asst. Prof. Dr.<\/strong> <strong>Deniz Onur Aras<\/strong> (\u0130zmir Katip \u00c7elebi University)<\/li>\n\n\n\n<li><strong>Asst. Prof. Dr.<\/strong> <strong>G\u00f6zde \u00c7ay<\/strong> (\u0130zmir Katip \u00c7elebi University)<\/li>\n\n\n\n<li><strong>Asst. Prof. Dr.<\/strong> <strong>Kadriye Filiz Balbal<\/strong> (Dokuz Eyl\u00fcl University)<\/li>\n\n\n\n<li><strong>Asst. Prof. Dr.<\/strong> <strong>Semih \u00c7ak\u0131r<\/strong> (Zonguldak B\u00fclent Ecevit University)<\/li>\n\n\n\n<li><strong>Asst. Prof. Dr.<\/strong> <strong>Sibel \u00dcnald\u0131<\/strong> (Bilecik \u015eeyh Edebali University)<\/li>\n\n\n\n<li><strong>Asst. Prof. Dr.<\/strong>&nbsp;<strong>\u00dcmit Aydo\u011fan<\/strong> (\u0130zmir Katip \u00c7elebi University)<\/li>\n\n\n\n<li><strong>Asst. Prof. Dr.<\/strong> <strong>Bilgin Yazl\u0131k<\/strong> (Nev\u015fehir Hac\u0131 Bekta\u015f Veli University)<\/li>\n\n\n\n<li><strong>Asst. Prof. Dr. Ersin K\u0131l\u0131\u00e7<\/strong> (Nev\u015fehir Hac\u0131 Bekta\u015f Veli University)<\/li>\n\n\n\n<li><strong>Asst. Prof. Dr. Sema Atasever<\/strong> (Nev\u015fehir Hac\u0131 Bekta\u015f Veli University)<\/li>\n\n\n\n<li><strong>Asst. Prof. Dr.<\/strong> <strong>Ey\u00fcp S\u0131ramkaya<\/strong> (Nev\u015fehir Hac\u0131 Bekta\u015f Veli University)<\/li>\n\n\n\n<li><strong>Asst. Prof. Dr. Emre Bende\u015f<\/strong> (Nev\u015fehir Hac\u0131 Bekta\u015f Veli University)<\/li>\n\n\n\n<li><strong>Dr.<\/strong> <strong>Bahar Yal\u00e7\u0131n<\/strong> Kavu\u015f (\u0130zmir Katip \u00c7elebi University)<\/li>\n\n\n\n<li><strong>Dr. Furkan Birol<\/strong> (\u0130zmir Katip \u00c7elebi University)<\/li>\n\n\n\n<li><strong>Dr.<\/strong> <strong>Seda \u00c7ayan<\/strong> (\u0130zmir Katip \u00c7elebi University)<\/li>\n\n\n\n<li><strong>Dr.<\/strong> <strong>S\u00fcmeyye S\u0131n\u0131r <\/strong>(\u0130zmir Katip \u00c7elebi University)<\/li>\n\n\n\n<li><strong>Dr.<\/strong> <strong>\u00dcmit Sarp <\/strong>(\u0130zmir Katip \u00c7elebi University)<\/li>\n\n\n\n<li><strong><strong>Dr.<\/strong><\/strong> <strong>Murat Varol<\/strong> (Zonguldak B\u00fclent Ecevit University)<\/li>\n\n\n\n<li><strong>Lecturer<\/strong> <strong>Muhammet Semih Kele\u015f<\/strong> (Izmir Konak Vocational School)<\/li>\n\n\n\n<li><strong>Res. Asst.<\/strong> <strong>Ali Emre G\u00f6k <\/strong>(Nev\u015fehir Hac\u0131 Bekta\u015f Veli University)<\/li>\n\n\n\n<li><strong>Res. Asst.<\/strong> <strong>Ba\u015fak \u00d6zt\u00fcrk<\/strong> (Nev\u015fehir Hac\u0131 Bekta\u015f Veli University)<\/li>\n<\/ul>\n\n\n\n<p><\/p>\n","protected":false},"excerpt":{"rendered":"<p>Honorary Presidents Congress President President of Organizing Committee Scientific Secretariat Technical Support Organizing Committee<\/p>\n","protected":false},"author":1,"featured_media":0,"parent":0,"menu_order":0,"comment_status":"closed","ping_status":"closed","template":"","meta":{"footnotes":""},"class_list":["post-22","page","type-page","status-publish","hentry","post"],"_links":{"self":[{"href":"https:\/\/icada.com.tr\/en\/wp-json\/wp\/v2\/pages\/22","targetHints":{"allow":["GET"]}}],"collection":[{"href":"https:\/\/icada.com.tr\/en\/wp-json\/wp\/v2\/pages"}],"about":[{"href":"https:\/\/icada.com.tr\/en\/wp-json\/wp\/v2\/types\/page"}],"author":[{"embeddable":true,"href":"https:\/\/icada.com.tr\/en\/wp-json\/wp\/v2\/users\/1"}],"replies":[{"embeddable":true,"href":"https:\/\/icada.com.tr\/en\/wp-json\/wp\/v2\/comments?post=22"}],"version-history":[{"count":6,"href":"https:\/\/icada.com.tr\/en\/wp-json\/wp\/v2\/pages\/22\/revisions"}],"predecessor-version":[{"id":604,"href":"https:\/\/icada.com.tr\/en\/wp-json\/wp\/v2\/pages\/22\/revisions\/604"}],"wp:attachment":[{"href":"https:\/\/icada.com.tr\/en\/wp-json\/wp\/v2\/media?parent=22"}],"curies":[{"name":"wp","href":"https:\/\/api.w.org\/{rel}","templated":true}]}}