{"id":24,"date":"2025-12-02T09:59:03","date_gmt":"2025-12-02T09:59:03","guid":{"rendered":"https:\/\/www.icada.com.tr\/?page_id=24"},"modified":"2026-04-17T14:10:01","modified_gmt":"2026-04-17T11:10:01","slug":"scientific-committee","status":"publish","type":"page","link":"https:\/\/icada.com.tr\/en\/scientific-committee\/","title":{"rendered":"Scientific Committee"},"content":{"rendered":"\n<ul class=\"wp-block-list\">\n<li><strong>Prof. Dr.<\/strong> <strong>Dervi\u015f Karabo\u011fa<\/strong> (Y\u00d6K Member, Erciyes University)<\/li>\n\n\n\n<li><strong>Prof. Dr.<\/strong> <strong>Yasin Bulduklu<\/strong> (\u0130zmir Katip \u00c7elebi University)<\/li>\n\n\n\n<li><strong>Prof. Dr. Bayram Deviren<\/strong> (Nev\u015fehir Hac\u0131 Bekta\u015f Veli University)<\/li>\n\n\n\n<li><strong>Prof. Dr.<\/strong> <strong>Ay\u015feg\u00fcl Alaybe\u011fo\u011flu <\/strong>(\u0130zmir Katip \u00c7elebi University)<\/li>\n\n\n\n<li><strong>Prof. Dr. \u00c7etin Arslan<\/strong> (Member of the Council of Judges and Prosecutors, Hacettepe University Faculty of Law)<\/li>\n\n\n\n<li><strong>L\u00fctfi Aksoy<\/strong> (Member of the 11th Criminal Chamber of the Court of Cassation)<\/li>\n\n\n\n<li><strong>Orhan Balbal<\/strong> (Member of the 11th Criminal Chamber of the Court of Cassation)<\/li>\n\n\n\n<li><strong>Prof. Dr. Berrin Akbulut<\/strong> &#8211; Dean of the Faculty of Law, Sel\u00e7uk University-Sel\u00e7uk \u00dcniversitesi Hukuk Fak\u00fcltesi Dekan\u0131)<\/li>\n\n\n\n<li><strong>Prof. Dr. Alev Ta\u015fk\u0131n<\/strong> (Y\u0131ld\u0131z Teknik \u00dcniversitesi)<\/li>\n\n\n\n<li><strong>Prof. Dr.<\/strong> <strong>Bijan Najafi<\/strong> (University of California Los Angeles)<\/li>\n\n\n\n<li><strong>Prof. Dr.<\/strong> <strong>David G. Armstrong<\/strong> (University of Southern California)<\/li>\n\n\n\n<li><strong>Prof. Dr. Erkan Can<\/strong> (\u0130zmir Katip \u00c7elebi University)<\/li>\n\n\n\n<li><strong>Prof. Dr.<\/strong> <strong>Kunal Mankodiya <\/strong>(University of Rhode Island)<\/li>\n\n\n\n<li><strong>Prof. Dr.<\/strong> <strong>Kemal Polat<\/strong> (Bolu izzet Baysal University)<\/li>\n\n\n\n<li><strong>Prof. Dr.<\/strong> <strong>Mustafa Agah Tekindal<\/strong> (\u0130zmir Katip \u00c7elebi University)<\/li>\n\n\n\n<li><strong>Prof. Dr. Melike Tekindal<\/strong> (\u0130zmir Katip \u00c7elebi University)<\/li>\n\n\n\n<li><strong>Prof. Dr. Murat Akta\u015f<\/strong>&nbsp;(Mu\u015f Alparslan University)<\/li>\n\n\n\n<li><strong>Prof. Dr. Nurhan Karabo\u011fa<\/strong> (Erciyes University)<\/li>\n\n\n\n<li><strong>Prof. Dr. Onur Osman<\/strong> (\u0130stanbul Topkap\u0131 \u00dcniversitesi)<\/li>\n\n\n\n<li><strong>Prof. Dr.<\/strong> <strong>Sebahattin \u0130kikarde\u015f<\/strong> (Bal\u0131kesir University)<\/li>\n\n\n\n<li><strong>Assoc. Prof. Dr.<\/strong> <strong>Bekir Emiro\u011flu<\/strong> (\u0130zmir Katip \u00c7elebi University)<\/li>\n\n\n\n<li><strong>Assoc. Prof. Dr. Bilal Demir<\/strong> (Bal\u0131kesir University)<\/li>\n\n\n\n<li><strong>Assoc. Prof. Dr.<\/strong> <strong>Ebubekir Kaya<\/strong> (Nev\u015fehir Hac\u0131 Bekta\u015f Veli University)<\/li>\n\n\n\n<li><strong>Assoc. Prof. Dr.<\/strong> <strong>Hilal Kahraman <\/strong>(\u0130zmir Katip \u00c7elebi University)<\/li>\n\n\n\n<li><strong>Assoc. Prof. Dr.<\/strong>&nbsp;<strong>Levent Ayd\u0131n<\/strong> (\u0130zmir Katip \u00c7elebi University)<\/li>\n\n\n\n<li><strong>Assoc. Prof. Dr. Nesibe Yal\u00e7\u0131n <\/strong>(Erciyes University)<\/li>\n\n\n\n<li><strong>Assoc. Prof. Dr.<\/strong> <strong>Seda O\u011fuz \u00dcnal <\/strong>(Sivas Cumhuriyet University)<\/li>\n\n\n\n<li><strong>Assoc. Prof. Dr.<\/strong> <strong>S\u00fcleyman Uzun<\/strong> (Sakarya University of Applied Sciences)<\/li>\n\n\n\n<li><strong>Assoc. Prof. Dr.<\/strong> <strong>\u015eule Ayar \u00d6zbal<\/strong> (Ya\u015far University)<\/li>\n\n\n\n<li><strong>Asst. Prof. Dr.<\/strong> <strong>Asl\u0131 Eyecio\u011flu \u00d6zmutlu<\/strong> (Bart\u0131n University)<\/li>\n\n\n\n<li><strong>Asst. Prof. Dr.<\/strong> <strong>Ahmet Emin<\/strong> (Karab\u00fck University)<\/li>\n\n\n\n<li><strong>Asst. Prof. Dr. Ceren Kaya <\/strong>(Zonguldak B\u00fclent Ecevit University)<\/li>\n\n\n\n<li><strong>Asst. Prof. Dr.<\/strong> <strong>Dhaval Solanki<\/strong> (University of Rhode Island)<\/li>\n\n\n\n<li><strong>Asst. Prof. Dr. Ezgi Aydemir<\/strong> (I\u011fd\u0131r University)<\/li>\n\n\n\n<li><strong>Asst. Prof. Dr.<\/strong> <strong>Deniz Onur Aras<\/strong> (\u0130zmir Katip \u00c7elebi University)<\/li>\n\n\n\n<li><strong>Asst. Prof. Dr.<\/strong> <strong>G\u00f6zde \u00c7ay<\/strong> (\u0130zmir Katip \u00c7elebi University)<\/li>\n\n\n\n<li><strong><strong>Asst. Prof. Dr.<\/strong> G\u00fclhan To\u011fa<\/strong> (Erciyes University)<\/li>\n\n\n\n<li><strong>Asst. Prof. Dr.<\/strong> <strong>G\u00fclten \u00c7etinta\u015f&nbsp;<\/strong>(Mu\u015f Alparslan University)<\/li>\n\n\n\n<li><strong>Asst. Prof. Dr.<\/strong> <strong>Kadriye Filiz Balbal<\/strong> (Dokuz Eyl\u00fcl University)<\/li>\n\n\n\n<li><strong>Asst. Prof. Dr. Manob Saikia<\/strong> (University of Memphis)<\/li>\n\n\n\n<li><strong><strong>Asst. Prof. Dr. <\/strong>Semih \u00c7ak\u0131r<\/strong> (Zonguldak B\u00fclent Ecevit University)<\/li>\n\n\n\n<li><strong>Asst. Prof. Dr.<\/strong> <strong>Sibel \u00dcnald\u0131<\/strong> (Bilecik \u015eeyh Edebali University)<\/li>\n\n\n\n<li><strong>Asst. Prof. Dr.<\/strong> <strong>\u00dcmit Aydo\u011fan<\/strong> (\u0130zmir Katip \u00c7elebi University)<\/li>\n\n\n\n<li><strong>Asst. Prof. Dr.<\/strong> <strong>\u00dcnzile Yaman<\/strong> (\u0130zmir Katip \u00c7elebi University)<\/li>\n\n\n\n<li><strong>Dr.<\/strong> <strong>Bahar Yal\u00e7\u0131n Kavu\u015f<\/strong> (\u0130zmir Katip \u00c7elebi University)<\/li>\n\n\n\n<li><strong>Dr. Fatma Akpolat<\/strong> (U\u015fak University)<\/li>\n\n\n\n<li><strong>Dr.<\/strong> <strong>Furkan Birol<\/strong> (\u0130zmir Katip \u00c7elebi University)<\/li>\n\n\n\n<li><strong>Dr.<\/strong> <strong>Seda \u00c7ayan<\/strong> (\u0130zmir Katip \u00c7elebi University)<\/li>\n\n\n\n<li><strong>Dr. Kezban Hitay Sarp<\/strong> (Bal\u0131kesir University)<\/li>\n\n\n\n<li><strong>Dr. S\u00fcmeyye S\u0131n\u0131r <\/strong>(\u0130zmir Katip \u00c7elebi University)<\/li>\n\n\n\n<li><strong>Dr. Tolga Kudret Karaca<\/strong> (\u0130stanbul Topkap\u0131 \u00dcniversitesi)<\/li>\n\n\n\n<li><strong>Dr.<\/strong> <strong>\u00dcmit Sarp <\/strong>(\u0130zmir Katip \u00c7elebi University)<\/li>\n\n\n\n<li><strong><strong>Dr.<\/strong><\/strong> <strong>Murat Varol <\/strong>(Zonguldak B\u00fclent Ecevit University)<\/li>\n\n\n\n<li><strong>Lecturer<\/strong> <strong>Muhammet Semih Kele\u015f <\/strong>(Izmir Kavram Vocational School)<\/li>\n<\/ul>\n\n\n\n<p><\/p>\n","protected":false},"excerpt":{"rendered":"","protected":false},"author":1,"featured_media":0,"parent":0,"menu_order":0,"comment_status":"closed","ping_status":"closed","template":"","meta":{"footnotes":""},"class_list":["post-24","page","type-page","status-publish","hentry","post"],"_links":{"self":[{"href":"https:\/\/icada.com.tr\/en\/wp-json\/wp\/v2\/pages\/24","targetHints":{"allow":["GET"]}}],"collection":[{"href":"https:\/\/icada.com.tr\/en\/wp-json\/wp\/v2\/pages"}],"about":[{"href":"https:\/\/icada.com.tr\/en\/wp-json\/wp\/v2\/types\/page"}],"author":[{"embeddable":true,"href":"https:\/\/icada.com.tr\/en\/wp-json\/wp\/v2\/users\/1"}],"replies":[{"embeddable":true,"href":"https:\/\/icada.com.tr\/en\/wp-json\/wp\/v2\/comments?post=24"}],"version-history":[{"count":11,"href":"https:\/\/icada.com.tr\/en\/wp-json\/wp\/v2\/pages\/24\/revisions"}],"predecessor-version":[{"id":607,"href":"https:\/\/icada.com.tr\/en\/wp-json\/wp\/v2\/pages\/24\/revisions\/607"}],"wp:attachment":[{"href":"https:\/\/icada.com.tr\/en\/wp-json\/wp\/v2\/media?parent=24"}],"curies":[{"name":"wp","href":"https:\/\/api.w.org\/{rel}","templated":true}]}}