{"id":35,"date":"2025-12-02T10:00:59","date_gmt":"2025-12-02T10:00:59","guid":{"rendered":"https:\/\/www.icada.com.tr\/?page_id=35"},"modified":"2025-12-02T10:00:59","modified_gmt":"2025-12-02T10:00:59","slug":"accommodation","status":"publish","type":"page","link":"https:\/\/icada.com.tr\/en\/accommodation\/","title":{"rendered":"Accommodation"},"content":{"rendered":"\n<p><strong>1. USET Hotel (Nev\u015fehir Hac\u0131 Bekta\u015f Veli University Application Hotel)<\/strong> Affiliated with the university, this hotel offers high-standard accommodation in the heart of the touristic <strong>\u00dcrg\u00fcp district<\/strong>.<\/p>\n\n\n\n<ul class=\"wp-block-list\">\n<li><strong>Location:<\/strong> \u00dcrg\u00fcp (approx. 20 km \/ 20 min drive from the Main Campus\/Congress Venue).<\/li>\n\n\n\n<li><strong>Note:<\/strong> Ideal for participants who wish to stay closer to Cappadocia&#8217;s main tourist attractions. Transportation to the congress venue will be required.<\/li>\n\n\n\n<li><strong>Website:<\/strong> <a href=\"https:\/\/usethotel.nevsehir.edu.tr\/\" target=\"_blank\" rel=\"noreferrer noopener\">https:\/\/usethotel.nevsehir.edu.tr\/<\/a><\/li>\n<\/ul>\n\n\n\n<p><strong>2. Nev\u015fehir Teachers&#8217; House (Nev\u015fehir \u00d6\u011fretmenevi)<\/strong> Operated by the Ministry of National Education, this facility provides a reliable and affordable accommodation alternative in the <strong>Nev\u015fehir City Center<\/strong>.<\/p>\n\n\n\n<ul class=\"wp-block-list\">\n<li><strong>Location:<\/strong> Nev\u015fehir Center (Close proximity to the Main Campus\/Congress Venue).<\/li>\n\n\n\n<li><strong>Note:<\/strong> A convenient option for quick access to the congress venue.<\/li>\n\n\n\n<li><strong>Website:<\/strong> <a href=\"https:\/\/www.nevsehirogretmenevi.com.tr\/\" target=\"_blank\" rel=\"noreferrer noopener\">https:\/\/www.nevsehirogretmenevi.com.tr\/<\/a><\/li>\n<\/ul>\n\n\n\n<p><\/p>\n","protected":false},"excerpt":{"rendered":"<p>1. USET Hotel (Nev\u015fehir Hac\u0131 Bekta\u015f Veli University Application Hotel) Affiliated with the university, this hotel offers high-standard accommodation in the heart of the touristic \u00dcrg\u00fcp district. 2. Nev\u015fehir Teachers&#8217; House (Nev\u015fehir \u00d6\u011fretmenevi) Operated by the Ministry of National Education, this facility provides a reliable and affordable accommodation alternative in the Nev\u015fehir City Center.<\/p>\n","protected":false},"author":1,"featured_media":0,"parent":0,"menu_order":0,"comment_status":"closed","ping_status":"closed","template":"","meta":{"footnotes":""},"class_list":["post-35","page","type-page","status-publish","hentry","post"],"_links":{"self":[{"href":"https:\/\/icada.com.tr\/en\/wp-json\/wp\/v2\/pages\/35","targetHints":{"allow":["GET"]}}],"collection":[{"href":"https:\/\/icada.com.tr\/en\/wp-json\/wp\/v2\/pages"}],"about":[{"href":"https:\/\/icada.com.tr\/en\/wp-json\/wp\/v2\/types\/page"}],"author":[{"embeddable":true,"href":"https:\/\/icada.com.tr\/en\/wp-json\/wp\/v2\/users\/1"}],"replies":[{"embeddable":true,"href":"https:\/\/icada.com.tr\/en\/wp-json\/wp\/v2\/comments?post=35"}],"version-history":[{"count":0,"href":"https:\/\/icada.com.tr\/en\/wp-json\/wp\/v2\/pages\/35\/revisions"}],"wp:attachment":[{"href":"https:\/\/icada.com.tr\/en\/wp-json\/wp\/v2\/media?parent=35"}],"curies":[{"name":"wp","href":"https:\/\/api.w.org\/{rel}","templated":true}]}}