{"id":39,"date":"2025-12-02T10:01:41","date_gmt":"2025-12-02T10:01:41","guid":{"rendered":"https:\/\/www.icada.com.tr\/?page_id=39"},"modified":"2025-12-02T10:01:41","modified_gmt":"2025-12-02T10:01:41","slug":"invitation","status":"publish","type":"page","link":"https:\/\/icada.com.tr\/en\/invitation\/","title":{"rendered":"Invitation"},"content":{"rendered":"\n<p>We are pleased and honored to invite you to the <strong>6th International Artificial Intelligence and Data Science Congress<\/strong>, organized by\u00a0<strong>\u0130zmir K\u00e2tip \u00c7elebi University (\u0130K\u00c7\u00dc)<\/strong>\u00a0and hosted by\u00a0<strong>Nev\u015fehir Hac\u0131 Bekta\u015f Veli University (NEV\u00dc)<\/strong>.<\/p>\n\n\n\n<p>As we proudly organize the sixth edition of our congress, we aim to bring together new methods in artificial intelligence, emerging applications, interdisciplinary research, and innovative technologies. We seek to evaluate the expanding impact of artificial intelligence across a wide range of fields\u2014from engineering to health, education to security, finance to the arts\u2014together with representatives from academia, public institutions, and industry.<\/p>\n\n\n\n<p>Our congress is designed to enhance scientific communication, strengthen collaboration between researchers and institutions, and promote the sharing of knowledge and experience. Distinguished national and international speakers will contribute to the program, and oral presentations will cover all major subfields of artificial intelligence and data science.<\/p>\n\n\n\n<p><strong>We look forward to welcoming you to the 6th International Artificial Intelligence and Data Science Congress and thank you in advance for your valuable participation and contributions.<\/strong><\/p>\n","protected":false},"excerpt":{"rendered":"<p>We are pleased and honored to invite you to the 6th International Artificial Intelligence and Data Science Congress, organized by\u00a0\u0130zmir K\u00e2tip \u00c7elebi University (\u0130K\u00c7\u00dc)\u00a0and hosted by\u00a0Nev\u015fehir Hac\u0131 Bekta\u015f Veli University (NEV\u00dc). As we proudly organize the sixth edition of our congress, we aim to bring together new methods in artificial intelligence, emerging applications, interdisciplinary research, [&hellip;]<\/p>\n","protected":false},"author":1,"featured_media":0,"parent":0,"menu_order":0,"comment_status":"closed","ping_status":"closed","template":"","meta":{"footnotes":""},"class_list":["post-39","page","type-page","status-publish","hentry","post"],"_links":{"self":[{"href":"https:\/\/icada.com.tr\/en\/wp-json\/wp\/v2\/pages\/39","targetHints":{"allow":["GET"]}}],"collection":[{"href":"https:\/\/icada.com.tr\/en\/wp-json\/wp\/v2\/pages"}],"about":[{"href":"https:\/\/icada.com.tr\/en\/wp-json\/wp\/v2\/types\/page"}],"author":[{"embeddable":true,"href":"https:\/\/icada.com.tr\/en\/wp-json\/wp\/v2\/users\/1"}],"replies":[{"embeddable":true,"href":"https:\/\/icada.com.tr\/en\/wp-json\/wp\/v2\/comments?post=39"}],"version-history":[{"count":0,"href":"https:\/\/icada.com.tr\/en\/wp-json\/wp\/v2\/pages\/39\/revisions"}],"wp:attachment":[{"href":"https:\/\/icada.com.tr\/en\/wp-json\/wp\/v2\/media?parent=39"}],"curies":[{"name":"wp","href":"https:\/\/api.w.org\/{rel}","templated":true}]}}