{"id":88,"date":"2025-12-02T11:28:07","date_gmt":"2025-12-02T11:28:07","guid":{"rendered":"https:\/\/www.icada.com.tr\/?page_id=88"},"modified":"2026-04-17T13:19:41","modified_gmt":"2026-04-17T10:19:41","slug":"homepage","status":"publish","type":"page","link":"https:\/\/icada.com.tr\/en\/","title":{"rendered":"Homepage"},"content":{"rendered":"<style type=\"text\/css\">\r\n\r\n#super-simple-slider-69e73ca17b64a .super-simple-slider .slide img {\r\n\tmin-width: 600px;\r\n}\r\n\r\n<\/style>\r\n\r\n\t\t<div id=\"super-simple-slider-69e73ca17b64a\" class=\"super-simple-slider-container super-simple-slider-10  loading\">\r\n\t\t\t<div class=\"controls-container half\">\r\n\t\t\t\t<div class=\"controls\">\r\n\t\t\t\t\t<div class=\"prev half\">\r\n\t\t\t\t\t\t<i class=\"sss-fa sss-fa-angle-left\"><\/i>\r\n\t\t\t\t\t<\/div>\r\n\t\t\t\t\t<div class=\"next half\">\r\n\t\t\t\t\t\t<i class=\"sss-fa sss-fa-angle-right\"><\/i>\r\n\t\t\t\t\t<\/div>\r\n\t\t\t\t<\/div>\r\n\t\t\t<\/div>\r\n\t\t\r\n\t\t\t<ul class=\"super-simple-slider\">\r\n\r\n\t\t\t\t\r\n\t\t\t\t\t<li class=\"slide\">\r\n\t\t\t\t\t\t<img loading=\"lazy\" decoding=\"async\" src=\"https:\/\/icada.com.tr\/en\/wp-content\/uploads\/sites\/3\/2026\/03\/1.png\" width=\"2382\" height=\"828\" class=\"slide-image\" alt=\"\" title=\"\" \/>\r\n\t\t\t\t\t\t<div class=\"opacity\" style=\"background-color: rgba(0, 0, 0, 0);\"><\/div>\r\n\t\t\t\t\t\t\r\n\t\t\t            \t\t\t\t\t\t\r\n\t\t\t\t\t<\/li>\r\n\r\n\t\t\t\t\r\n\t\t\t\t\t<li class=\"slide\">\r\n\t\t\t\t\t\t<img loading=\"lazy\" decoding=\"async\" src=\"https:\/\/icada.com.tr\/en\/wp-content\/uploads\/sites\/3\/2026\/03\/2.png\" width=\"2382\" height=\"1124\" class=\"slide-image\" alt=\"\" title=\"\" \/>\r\n\t\t\t\t\t\t<div class=\"opacity\" style=\"background-color: rgba(0, 0, 0, 0);\"><\/div>\r\n\t\t\t\t\t\t\r\n\t\t\t            \t\t\t\t\t\t\r\n\t\t\t\t\t<\/li>\r\n\r\n\t\t\t\t\r\n\t\t\t\t\t<li class=\"slide\">\r\n\t\t\t\t\t\t<img loading=\"lazy\" decoding=\"async\" src=\"https:\/\/icada.com.tr\/en\/wp-content\/uploads\/sites\/3\/2026\/01\/slider2.png\" width=\"1005\" height=\"503\" class=\"slide-image\" alt=\"\" title=\"\" \/>\r\n\t\t\t\t\t\t<div class=\"opacity\" style=\"background-color: rgba(0, 0, 0, 0);\"><\/div>\r\n\t\t\t\t\t\t\r\n\t\t\t            \t\t\t\t\t\t<div class=\"overlay-container\">\r\n\t\t\t\t\t\t\t<div class=\"overlay\">\r\n\t\t\t\t\t\t\t\t<div class=\"opacity half \" style=\"background-color: rgba(0, 0, 0, 0.3);\">\r\n\t\t\t\t\t\t\t\t\t\t\t\t\t\t\t\t\t\t<h2 class=\"title\">WELCOME TO ICADA 2026<\/h2>\r\n\t\t\t\t\t\t\t\t\t\t\t\t\t\t\t\t\t\t\r\n\t\t\t\t\t\t\t\t\t\t\t\t\t\t\t\t\t\t<div class=\"text  no-buttons\">\r\n\t\t\t\t\t\t\t\t\t\t<p>The deadline for submitting papers has been extended to March 31, 2026.<\/p>\n\t\t\t\t\t\t\t\t\t<\/div>\r\n\t\t\t\t\t\t\t\t\t\t\t\t\t\t\t\t\t\t\r\n\t\t\t\t\t\t\t\t\t\t\t\t\t\t\t\t\t<\/div>\r\n\t\t\t\t\t\t\t<\/div>\r\n\t\t\t\t\t\t<\/div>\r\n\t\t\t\t\t\t\t\t\t\t\t\t\r\n\t\t\t\t\t<\/li>\r\n\r\n\t\t\t\t\r\n\t\t\t\t\t<li class=\"slide\">\r\n\t\t\t\t\t\t<img loading=\"lazy\" decoding=\"async\" src=\"https:\/\/icada.com.tr\/en\/wp-content\/uploads\/sites\/3\/2026\/01\/slider1.png\" width=\"1005\" height=\"503\" class=\"slide-image\" alt=\"\" title=\"\" \/>\r\n\t\t\t\t\t\t<div class=\"opacity\" style=\"background-color: rgba(0, 0, 0, 0);\"><\/div>\r\n\t\t\t\t\t\t\r\n\t\t\t            \t\t\t\t\t\t<div class=\"overlay-container\">\r\n\t\t\t\t\t\t\t<div class=\"overlay\">\r\n\t\t\t\t\t\t\t\t<div class=\"opacity half \" style=\"background-color: rgba(0, 0, 0, 0.3);\">\r\n\t\t\t\t\t\t\t\t\t\t\t\t\t\t\t\t\t\t<h2 class=\"title\">GLOBAL CONGRESS \u2022 KNOWLEDGE EXCHANGE<\/h2>\r\n\t\t\t\t\t\t\t\t\t\t\t\t\t\t\t\t\t\t\r\n\t\t\t\t\t\t\t\t\t\t\t\t\t\t\t\t\t\t<div class=\"text  no-buttons\">\r\n\t\t\t\t\t\t\t\t\t\t<p>Join leading experts in cultivating scientific dialogue across machine learning, data engineering, and computational research domains.<\/p>\n\t\t\t\t\t\t\t\t\t<\/div>\r\n\t\t\t\t\t\t\t\t\t\t\t\t\t\t\t\t\t\t\r\n\t\t\t\t\t\t\t\t\t\t\t\t\t\t\t\t\t<\/div>\r\n\t\t\t\t\t\t\t<\/div>\r\n\t\t\t\t\t\t<\/div>\r\n\t\t\t\t\t\t\t\t\t\t\t\t\r\n\t\t\t\t\t<\/li>\r\n\r\n\t\t\t\t\r\n\t\t\t\t\t<li class=\"slide\">\r\n\t\t\t\t\t\t<img loading=\"lazy\" decoding=\"async\" src=\"https:\/\/icada.com.tr\/en\/wp-content\/uploads\/sites\/3\/2026\/01\/slider3.png\" width=\"1005\" height=\"503\" class=\"slide-image\" alt=\"\" title=\"\" \/>\r\n\t\t\t\t\t\t<div class=\"opacity\" style=\"background-color: rgba(0, 0, 0, 0);\"><\/div>\r\n\t\t\t\t\t\t\r\n\t\t\t            \t\t\t\t\t\t<div class=\"overlay-container\">\r\n\t\t\t\t\t\t\t<div class=\"overlay\">\r\n\t\t\t\t\t\t\t\t<div class=\"opacity half \" style=\"background-color: rgba(0, 0, 0, 0.3);\">\r\n\t\t\t\t\t\t\t\t\t\t\t\t\t\t\t\t\t\t<h2 class=\"title\">INNOVATION \u2022 DATA-DRIVEN DISCOVERY<\/h2>\r\n\t\t\t\t\t\t\t\t\t\t\t\t\t\t\t\t\t\t\r\n\t\t\t\t\t\t\t\t\t\t\t\t\t\t\t\t\t\t<div class=\"text  no-buttons\">\r\n\t\t\t\t\t\t\t\t\t\t<p>Join leading experts in cultivating scientific dialogue across machine learning, data engineering, and computational research domains.<\/p>\n\t\t\t\t\t\t\t\t\t<\/div>\r\n\t\t\t\t\t\t\t\t\t\t\t\t\t\t\t\t\t\t\r\n\t\t\t\t\t\t\t\t\t\t\t\t\t\t\t\t\t<\/div>\r\n\t\t\t\t\t\t\t<\/div>\r\n\t\t\t\t\t\t<\/div>\r\n\t\t\t\t\t\t\t\t\t\t\t\t\r\n\t\t\t\t\t<\/li>\r\n\r\n\t\t\t\t\t\t\t\t\r\n\t\t\t<\/ul>\r\n\t\t\t\r\n\t\t\t<div class=\"super-simple-slider-pagination\"><\/div>\r\n\t\t\t\r\n\t\t<\/div>\r\n\t\t\r\n\t\t<script type=\"text\/javascript\">\r\n\t\t\tjQuery(window).on('load', function() {\r\n\t\t\t\tnew SuperSimpleSlider( '#super-simple-slider-69e73ca17b64a', {\r\n\t\t\t\t\tspeed: 450,\r\n\t\t\t\t})\r\n\t\t\t});\r\n\t\t<\/script>\r\n\r\n\t\n\n\n<div class=\"wp-block-image\">\n<figure class=\"aligncenter size-full is-resized\"><img loading=\"lazy\" decoding=\"async\" width=\"7000\" height=\"2500\" src=\"http:\/\/icada.com.tr\/en\/wp-content\/uploads\/sites\/3\/2026\/04\/ikili.png\" alt=\"\" class=\"wp-image-567\" style=\"aspect-ratio:2.8000243057665433;width:570px;height:auto\"\/><\/figure>\n<\/div>\n\n<div class=\" hurrytimer-campaign hurryt-loading hurrytimer-campaign-520\" data-config=\"{&quot;id&quot;:520,&quot;run_in_background&quot;:false,&quot;sticky&quot;:false,&quot;product_ids&quot;:[],&quot;actions&quot;:[{&quot;id&quot;:2,&quot;redirectUrl&quot;:&quot;&quot;,&quot;message&quot;:&quot;&quot;,&quot;coupon&quot;:&quot;&quot;,&quot;wcStockStatus&quot;:&quot;instock&quot;}],&quot;template&quot;:&quot;&lt;div class=\\&quot;hurrytimer-timer-block \\&quot;&gt;&lt;div class=\\&quot;hurrytimer-timer-digit \\&quot;&gt;%D&lt;\\\/div&gt;&lt;div class=\\&quot;hurrytimer-timer-label \\&quot; &gt;days&lt;\\\/div&gt;&lt;\\\/div&gt;&lt;div class=\\&quot; hurrytimer-timer-sep\\&quot;&gt;:&lt;\\\/div&gt;&lt;div class=\\&quot;hurrytimer-timer-block \\&quot;&gt;&lt;div class=\\&quot;hurrytimer-timer-digit \\&quot;&gt;%H&lt;\\\/div&gt;&lt;div class=\\&quot;hurrytimer-timer-label \\&quot; &gt;Hours&lt;\\\/div&gt;&lt;\\\/div&gt;&lt;div class=\\&quot; hurrytimer-timer-sep\\&quot;&gt;:&lt;\\\/div&gt;&lt;div class=\\&quot;hurrytimer-timer-block \\&quot;&gt;&lt;div class=\\&quot;hurrytimer-timer-digit \\&quot;&gt;%M&lt;\\\/div&gt;&lt;div class=\\&quot;hurrytimer-timer-label \\&quot; &gt;MInutes&lt;\\\/div&gt;&lt;\\\/div&gt;&lt;div class=\\&quot; hurrytimer-timer-sep\\&quot;&gt;:&lt;\\\/div&gt;&lt;div class=\\&quot;hurrytimer-timer-block \\&quot;&gt;&lt;div class=\\&quot;hurrytimer-timer-digit \\&quot;&gt;%S&lt;\\\/div&gt;&lt;div class=\\&quot;hurrytimer-timer-label \\&quot; &gt;Seconds&lt;\\\/div&gt;&lt;\\\/div&gt;&quot;,&quot;methods&quot;:[1,2],&quot;mode&quot;:&quot;one_time&quot;,&quot;sticky_bar_hide_timeout&quot;:7,&quot;recurr&quot;:false,&quot;timeToNextRecurrence&quot;:0,&quot;isRegular&quot;:true,&quot;endDate&quot;:1776666600000}\" ><div class=\" hurrytimer-timer\"><\/div><\/div>\n\n\n\n<h2 class=\"wp-block-heading has-text-align-center\"><strong>The program and participant list have been updated. <a href=\"https:\/\/icada.com.tr\/en\/program\/\">Click here to view.<\/a><\/strong><\/h2>\n\n\n\n<h2 class=\"wp-block-heading alignwide has-text-align-center\"><strong>The camera-ready paper submission period will open on <mark style=\"background-color:rgba(0, 0, 0, 0)\" class=\"has-inline-color has-vivid-red-color\">23 April and close on 1 May<\/mark>. It will be managed via the Microsoft CMT system.<\/strong><\/h2>\n\n\n\n<hr class=\"wp-block-separator has-alpha-channel-opacity\"\/>\n\n\n\n<h2 class=\"wp-block-heading has-text-align-center\"><strong>6th INTERNATIONAL<\/strong><\/h2>\n\n\n\n<h2 class=\"wp-block-heading has-text-align-center\"><strong>ARTIFICIAL INTELLIGENCE AND DATA SCIENCE CONGRESS<\/strong><\/h2>\n\n\n\n<h2 class=\"wp-block-heading has-text-align-center\"><strong>(ICADA 2026)<\/strong><\/h2>\n\n\n\n<div class=\"wp-block-buttons is-content-justification-center is-layout-flex wp-container-core-buttons-is-layout-16018d1d wp-block-buttons-is-layout-flex\">\n<div class=\"wp-block-button\"><a class=\"wp-block-button__link has-text-align-center wp-element-button\" href=\"https:\/\/form.jotform.com\/260053297044958\" target=\"_blank\" rel=\"noreferrer noopener\"><strong>Final Registration Form<\/strong><\/a><\/div>\n<\/div>\n\n\n\n<h2 class=\"wp-block-heading has-text-align-center\">The deadline for submitting papers has been extended to March 31, 2026.<\/h2>\n\n\n\n<h2 class=\"wp-block-heading has-text-align-center\"><strong>And<\/strong><\/h2>\n\n\n\n<h2 class=\"wp-block-heading has-text-align-center\"><strong><mark style=\"background-color:rgba(0, 0, 0, 0)\" class=\"has-inline-color has-vivid-red-color\">Workshop of Artificial Intelligence and Data Science Application and Research Center Directors<\/mark><\/strong><\/h2>\n\n\n\n<h3 class=\"wp-block-heading has-text-align-center\">(<strong>Y\u00d6K<\/strong> <strong>Member Prof. Dr. Dervi\u015f KARABO\u011eA<\/strong> will deliver the opening speeches.)<\/h3>\n\n\n\n<div class=\"wp-block-buttons is-content-justification-center is-layout-flex wp-container-core-buttons-is-layout-16018d1d wp-block-buttons-is-layout-flex\">\n<div class=\"wp-block-button\"><a class=\"wp-block-button__link has-text-align-center wp-element-button\" href=\"https:\/\/www.jotform.com\/build\/260053513086955\"><strong>Workshop Registration Form<\/strong><\/a><\/div>\n<\/div>\n\n\n\n<h2 class=\"wp-block-heading has-text-align-center\"><strong>APRIL 20 \u2013 22, 2026<\/strong><\/h2>\n\n\n\n<h3 class=\"wp-block-heading has-text-align-center\"><strong>Nev\u015fehir Hac\u0131 Bekta\u015f Veli University<\/strong><\/h3>\n\n\n\n<h4 class=\"wp-block-heading has-text-align-center\"><strong><strong>Workshop<\/strong><\/strong> <strong>and Congress Center<\/strong> <strong>Nev\u015fehir (Cappadocia), T\u00dcRK\u0130YE<\/strong><\/h4>\n\n\n\n<hr class=\"wp-block-separator has-alpha-channel-opacity\"\/>\n\n\n\n<h2 class=\"wp-block-heading alignwide has-text-align-center\"><strong>Welcome to ICADA 2026<\/strong><\/h2>\n\n\n\n<p>We are honored to invite you to the <strong>6th International Artificial Intelligence and Data Science Congress<\/strong>, organized by <strong>\u0130zmir K\u00e2tip \u00c7elebi University (\u0130K\u00c7\u00dc)<\/strong> and hosted by <strong>Nev\u015fehir Hac\u0131 Bekta\u015f Veli University (NEV\u00dc)<\/strong>.<\/p>\n\n\n\n<p>This congress serves as a premier multidisciplinary platform bringing together academicians, industry leaders, researchers, and experts from around the globe. Set against the breathtaking backdrop of Cappadocia, we aim to share knowledge, discuss the latest innovations, and shape the future of technology across diverse fields ranging from Engineering and Finance to Law and the Arts.<\/p>\n\n\n\n<p>Join us for a hybrid experience of cutting-edge presentations and networking opportunities.<\/p>\n\n\n\n<h4 class=\"wp-block-heading has-text-align-center\">The congress meets the criteria for associate professorship at<\/h4>\n\n\n\n<h4 class=\"wp-block-heading has-text-align-center\">the \u00dcAK (\u00dcniversiteler Aras\u0131 Kurul).<\/h4>\n\n\n\n<hr class=\"wp-block-separator has-alpha-channel-opacity\"\/>\n\n\n\n<h2 class=\"wp-block-heading has-text-align-center\">\n  <strong>Workshop of Artificial Intelligence and Data Science Application and Research Center Directors<\/strong>\n<\/h2>\n\n\n\n<p class=\"has-text-align-center\"><\/p>\n\n\n\n<p><strong>Date:<\/strong> April 20, 2026<\/p>\n\n\n\n<p><strong>Scope:<\/strong> Workshop for Directors of Artificial Intelligence, Data Science, and Related Research Centers<\/p>\n\n\n\n<p>The 6th International Artificial Intelligence and Data Science Congress (ICADA 2026) aims to be more than just a platform for academic presentations; it strives to be a catalyst for institutional leadership and strategic planning.<\/p>\n\n\n\n<p>On the opening day of the congress, <strong>April 20, 2026<\/strong>, we will host a specialized <strong>Workshop<\/strong> bringing together the Directors of Application and Research Centers operating in the fields of <strong>Artificial Intelligence, Data Science, and related technological disciplines<\/strong> (such as Cyber Security, Robotics, and IoT) from universities across the region.<\/p>\n\n\n\n<p><strong>Objectives of the Workshop:<\/strong><\/p>\n\n\n\n<ul class=\"wp-block-list\">\n<li><strong>Strengthening Collaboration:<\/strong> Establishing a sustainable communication network and coordination mechanism between various research centers.<\/li>\n\n\n\n<li><strong>Joint R&amp;D Strategies:<\/strong> Evaluating opportunities for multi-institutional projects and developing joint strategies for national and international funding programs.<\/li>\n\n\n\n<li><strong>Sharing Best Practices:<\/strong> exchanging experiences regarding center management, industry-university cooperation, and academic infrastructure.<\/li>\n\n\n\n<li><strong>Shaping the Future:<\/strong> Discussing common challenges in AI education and research ethics to generate unified solutions.<\/li>\n<\/ul>\n\n\n\n<p>This workshop offers a unique opportunity for leaders in the field to create a powerful synergy and shape the future roadmap of technology and science.<\/p>\n\n\n\n<h3 class=\"wp-block-heading has-text-align-center\"><strong>Prof. Dr. Ay\u015feg\u00fcl Alaybeyo\u011flu &#8211; Congress President<\/strong><\/h3>\n\n\n\n<figure class=\"wp-block-embed aligncenter is-type-video is-provider-youtube wp-block-embed-youtube wp-embed-aspect-16-9 wp-has-aspect-ratio\"><div class=\"wp-block-embed__wrapper\">\n<iframe loading=\"lazy\" title=\"Gelece\u011fin Pe\u015finde: Yapay Zeka\" width=\"720\" height=\"405\" src=\"https:\/\/www.youtube.com\/embed\/USvCs3X89uY?feature=oembed\" frameborder=\"0\" allow=\"accelerometer; autoplay; clipboard-write; encrypted-media; gyroscope; picture-in-picture; web-share\" referrerpolicy=\"strict-origin-when-cross-origin\" allowfullscreen><\/iframe>\n<\/div><\/figure>\n\n\n\n<hr class=\"wp-block-separator has-alpha-channel-opacity\"\/>\n\n\n\n<h2 class=\"wp-block-heading has-text-align-center\">Main Sponsor<\/h2>\n\n\n<div class=\"wp-block-image\">\n<figure class=\"aligncenter size-full is-resized\"><a href=\"https:\/\/www.nevsac.com\/tr\"><img loading=\"lazy\" decoding=\"async\" width=\"1600\" height=\"559\" src=\"http:\/\/icada.com.tr\/en\/wp-content\/uploads\/sites\/3\/2026\/04\/a.jpeg\" alt=\"\" class=\"wp-image-595\" style=\"aspect-ratio:2.1066491112574064;width:604px;height:auto\"\/><\/a><\/figure>\n<\/div>\n\n\n<p><\/p>\n","protected":false},"excerpt":{"rendered":"<p>The program and participant list have been updated. Click here to view. The camera-ready paper submission period will open on 23 April and close on 1 May. It will be managed via the Microsoft CMT system. 6th INTERNATIONAL ARTIFICIAL INTELLIGENCE AND DATA SCIENCE CONGRESS (ICADA 2026) The deadline for submitting papers has been extended to [&hellip;]<\/p>\n","protected":false},"author":1,"featured_media":0,"parent":0,"menu_order":0,"comment_status":"closed","ping_status":"closed","template":"","meta":{"footnotes":""},"class_list":["post-88","page","type-page","status-publish","hentry","post"],"_links":{"self":[{"href":"https:\/\/icada.com.tr\/en\/wp-json\/wp\/v2\/pages\/88","targetHints":{"allow":["GET"]}}],"collection":[{"href":"https:\/\/icada.com.tr\/en\/wp-json\/wp\/v2\/pages"}],"about":[{"href":"https:\/\/icada.com.tr\/en\/wp-json\/wp\/v2\/types\/page"}],"author":[{"embeddable":true,"href":"https:\/\/icada.com.tr\/en\/wp-json\/wp\/v2\/users\/1"}],"replies":[{"embeddable":true,"href":"https:\/\/icada.com.tr\/en\/wp-json\/wp\/v2\/comments?post=88"}],"version-history":[{"count":15,"href":"https:\/\/icada.com.tr\/en\/wp-json\/wp\/v2\/pages\/88\/revisions"}],"predecessor-version":[{"id":606,"href":"https:\/\/icada.com.tr\/en\/wp-json\/wp\/v2\/pages\/88\/revisions\/606"}],"wp:attachment":[{"href":"https:\/\/icada.com.tr\/en\/wp-json\/wp\/v2\/media?parent=88"}],"curies":[{"name":"wp","href":"https:\/\/api.w.org\/{rel}","templated":true}]}}